{"id":6,"date":"2024-11-07T19:05:33","date_gmt":"2024-11-07T19:05:33","guid":{"rendered":"http:\/\/yohannboudreault.com\/?page_id=6"},"modified":"2025-10-22T16:19:29","modified_gmt":"2025-10-22T20:19:29","slug":"home","status":"publish","type":"page","link":"https:\/\/yohannboudreault.com\/fr\/","title":{"rendered":"Accueil"},"content":{"rendered":"<p>[et_pb_section fb_built=\u00a0\u00bb1&Prime; _builder_version=\u00a0\u00bb4.27.2&Prime; _module_preset=\u00a0\u00bbdefault\u00a0\u00bb background_image=\u00a0\u00bbhttp:\/\/yohannboudreault.com\/wp-content\/uploads\/2024\/11\/Yohann-NB.webp\u00a0\u00bb parallax=\u00a0\u00bbon\u00a0\u00bb min_height=\u00a0\u00bb800px\u00a0\u00bb min_height_tablet=\u00a0\u00bb450px\u00a0\u00bb min_height_phone=\u00a0\u00bb400px\u00a0\u00bb min_height_last_edited=\u00a0\u00bbon|phone\u00a0\u00bb animation_style=\u00a0\u00bbfade\u00a0\u00bb global_colors_info=\u00a0\u00bb{}\u00a0\u00bb][\/et_pb_section][et_pb_section fb_built=\u00a0\u00bb1&Prime; _builder_version=\u00a0\u00bb4.27.2&Prime; _module_preset=\u00a0\u00bbdefault\u00a0\u00bb use_background_color_gradient=\u00a0\u00bbon\u00a0\u00bb background_color_gradient_type=\u00a0\u00bbelliptical\u00a0\u00bb background_color_gradient_stops=\u00a0\u00bbrgba(0,0,0,0.5) 0%|#000000 83%\u00a0\u00bb global_colors_info=\u00a0\u00bb{}\u00a0\u00bb][et_pb_row _builder_version=\u00a0\u00bb4.27.2&Prime; _module_preset=\u00a0\u00bbdefault\u00a0\u00bb width=\u00a0\u00bb100%\u00a0\u00bb max_width=\u00a0\u00bb100%\u00a0\u00bb global_colors_info=\u00a0\u00bb{}\u00a0\u00bb][et_pb_column type=\u00a0\u00bb4_4&Prime; _builder_version=\u00a0\u00bb4.27.2&Prime; _module_preset=\u00a0\u00bbdefault\u00a0\u00bb global_colors_info=\u00a0\u00bb{}\u00a0\u00bb][dica_divi_carousel item_width_auto=\u00a0\u00bbon\u00a0\u00bb item_width=\u00a0\u00bb600px\u00a0\u00bb item_width_tablet=\u00a0\u00bb486px\u00a0\u00bb item_width_phone=\u00a0\u00bb400px\u00a0\u00bb item_width_last_edited=\u00a0\u00bbon|desktop\u00a0\u00bb transition_duration=\u00a0\u00bb2500&Prime; centermode=\u00a0\u00bbon\u00a0\u00bb loop=\u00a0\u00bbon\u00a0\u00bb autoplay=\u00a0\u00bbon\u00a0\u00bb autoplay_speed=\u00a0\u00bb2500&Prime; arrow_nav=\u00a0\u00bbon\u00a0\u00bb lazy_loading=\u00a0\u00bbon\u00a0\u00bb load_before_transition=\u00a0\u00bbon\u00a0\u00bb advanced_effect=\u00a0\u00bbcoverflow\u00a0\u00bb arrow_nav_color=\u00a0\u00bb#E09900&Prime; arrow_bg_color=\u00a0\u00bb#000000&Prime; overlay_color_field_bgcolor=\u00a0\u00bbrgba(255,255,255,0.85)\u00a0\u00bb _builder_version=\u00a0\u00bb4.27.4&Prime; _module_preset=\u00a0\u00bbdefault\u00a0\u00bb hover_enabled=\u00a0\u00bb0&Prime; border_width_all_image=\u00a0\u00bb2px\u00a0\u00bb border_color_all_image=\u00a0\u00bb#000000&Prime; global_colors_info=\u00a0\u00bb{}\u00a0\u00bb sticky_enabled=\u00a0\u00bb0&Prime;][dica_divi_carouselitem admin_label=\u00a0\u00bbGOTG\u00a0\u00bb button_url_new_window=\u00a0\u00bb1&Prime; image=\u00a0\u00bbhttp:\/\/yohannboudreault.com\/wp-content\/uploads\/2024\/11\/GOTG_Sq.webp\u00a0\u00bb _builder_version=\u00a0\u00bb4.27.3&Prime; _dynamic_attributes=\u00a0\u00bblink_option_url\u00a0\u00bb _module_preset=\u00a0\u00bbdefault\u00a0\u00bb link_option_url=\u00a0\u00bb@ET-DC@eyJkeW5hbWljIjp0cnVlLCJjb250ZW50IjoicG9zdF9saW5rX3VybF9wcm9qZWN0Iiwic2V0dGluZ3MiOnsicG9zdF9pZCI6IjY5In19@\u00a0\u00bb global_colors_info=\u00a0\u00bb{}\u00a0\u00bb][\/dica_divi_carouselitem][dica_divi_carouselitem admin_label=\u00a0\u00bbWTF\u00a0\u00bb button_url_new_window=\u00a0\u00bb1&Prime; image=\u00a0\u00bbhttp:\/\/yohannboudreault.com\/wp-content\/uploads\/2024\/11\/What-The-Fog_Sq.webp\u00a0\u00bb _builder_version=\u00a0\u00bb4.27.3&Prime; _dynamic_attributes=\u00a0\u00bblink_option_url\u00a0\u00bb _module_preset=\u00a0\u00bbdefault\u00a0\u00bb link_option_url=\u00a0\u00bb@ET-DC@eyJkeW5hbWljIjp0cnVlLCJjb250ZW50IjoicG9zdF9saW5rX3VybF9wcm9qZWN0Iiwic2V0dGluZ3MiOnsicG9zdF9pZCI6IjE4MSJ9fQ==@\u00a0\u00bb global_colors_info=\u00a0\u00bb{}\u00a0\u00bb][\/dica_divi_carouselitem][dica_divi_carouselitem admin_label=\u00a0\u00bbDBD\u00a0\u00bb button_url_new_window=\u00a0\u00bb1&Prime; image=\u00a0\u00bbhttps:\/\/yohannboudreault.com\/wp-content\/uploads\/2025\/04\/DBD_Sq.webp\u00a0\u00bb _builder_version=\u00a0\u00bb4.27.4&Prime; _dynamic_attributes=\u00a0\u00bblink_option_url\u00a0\u00bb _module_preset=\u00a0\u00bbdefault\u00a0\u00bb link_option_url=\u00a0\u00bb@ET-DC@eyJkeW5hbWljIjp0cnVlLCJjb250ZW50IjoicG9zdF9saW5rX3VybF9wcm9qZWN0Iiwic2V0dGluZ3MiOnsicG9zdF9pZCI6IjEyNjkifX0=@\u00a0\u00bb global_colors_info=\u00a0\u00bb{}\u00a0\u00bb][\/dica_divi_carouselitem][dica_divi_carouselitem admin_label=\u00a0\u00bbUnknown9&Prime; button_url_new_window=\u00a0\u00bb1&Prime; image=\u00a0\u00bbhttp:\/\/yohannboudreault.com\/wp-content\/uploads\/2024\/11\/Unknown9_Sq.webp\u00a0\u00bb _builder_version=\u00a0\u00bb4.27.3&Prime; _dynamic_attributes=\u00a0\u00bblink_option_url\u00a0\u00bb _module_preset=\u00a0\u00bbdefault\u00a0\u00bb link_option_url=\u00a0\u00bb@ET-DC@eyJkeW5hbWljIjp0cnVlLCJjb250ZW50IjoicG9zdF9saW5rX3VybF9wcm9qZWN0Iiwic2V0dGluZ3MiOnsicG9zdF9pZCI6IjgxIn19@\u00a0\u00bb global_colors_info=\u00a0\u00bb{}\u00a0\u00bb][\/dica_divi_carouselitem][dica_divi_carouselitem admin_label=\u00a0\u00bbShadow of the Tomb Raider\u00a0\u00bb button_url_new_window=\u00a0\u00bb1&Prime; image=\u00a0\u00bbhttp:\/\/yohannboudreault.com\/wp-content\/uploads\/2024\/11\/Shadow-of-the-Tomb-Raider-Sq.webp\u00a0\u00bb _builder_version=\u00a0\u00bb4.27.3&Prime; _dynamic_attributes=\u00a0\u00bblink_option_url\u00a0\u00bb _module_preset=\u00a0\u00bbdefault\u00a0\u00bb link_option_url=\u00a0\u00bb@ET-DC@eyJkeW5hbWljIjp0cnVlLCJjb250ZW50IjoicG9zdF9saW5rX3VybF9wcm9qZWN0Iiwic2V0dGluZ3MiOnsicG9zdF9pZCI6Ijk1NCJ9fQ==@\u00a0\u00bb global_colors_info=\u00a0\u00bb{}\u00a0\u00bb][\/dica_divi_carouselitem][dica_divi_carouselitem admin_label=\u00a0\u00bbDeus Ex Breach\u00a0\u00bb button_url_new_window=\u00a0\u00bb1&Prime; image=\u00a0\u00bbhttp:\/\/yohannboudreault.com\/wp-content\/uploads\/2024\/11\/DX-Breach-1024.webp\u00a0\u00bb _builder_version=\u00a0\u00bb4.27.3&Prime; _dynamic_attributes=\u00a0\u00bblink_option_url\u00a0\u00bb _module_preset=\u00a0\u00bbdefault\u00a0\u00bb link_option_url=\u00a0\u00bb@ET-DC@eyJkeW5hbWljIjp0cnVlLCJjb250ZW50IjoicG9zdF9saW5rX3VybF9wcm9qZWN0Iiwic2V0dGluZ3MiOnsicG9zdF9pZCI6IjgzOCJ9fQ==@\u00a0\u00bb global_colors_info=\u00a0\u00bb{}\u00a0\u00bb][\/dica_divi_carouselitem][dica_divi_carouselitem admin_label=\u00a0\u00bbDeus Ex Mankind Divided\u00a0\u00bb button_url_new_window=\u00a0\u00bb1&Prime; image=\u00a0\u00bbhttp:\/\/yohannboudreault.com\/wp-content\/uploads\/2024\/11\/Deus-Ex-Mankind-Divided-Sq.webp\u00a0\u00bb _builder_version=\u00a0\u00bb4.27.3&Prime; _dynamic_attributes=\u00a0\u00bblink_option_url\u00a0\u00bb _module_preset=\u00a0\u00bbdefault\u00a0\u00bb link_option_url=\u00a0\u00bb@ET-DC@eyJkeW5hbWljIjp0cnVlLCJjb250ZW50IjoicG9zdF9saW5rX3VybF9wcm9qZWN0Iiwic2V0dGluZ3MiOnsicG9zdF9pZCI6Ijg2MyJ9fQ==@\u00a0\u00bb global_colors_info=\u00a0\u00bb{}\u00a0\u00bb][\/dica_divi_carouselitem][dica_divi_carouselitem admin_label=\u00a0\u00bbDeus Ex GO\u00a0\u00bb button_url_new_window=\u00a0\u00bb1&Prime; image=\u00a0\u00bbhttp:\/\/yohannboudreault.com\/wp-content\/uploads\/2024\/11\/Deus-Ex-Go-Sq.webp\u00a0\u00bb _builder_version=\u00a0\u00bb4.27.3&Prime; _dynamic_attributes=\u00a0\u00bblink_option_url\u00a0\u00bb _module_preset=\u00a0\u00bbdefault\u00a0\u00bb link_option_url=\u00a0\u00bb@ET-DC@eyJkeW5hbWljIjp0cnVlLCJjb250ZW50IjoicG9zdF9saW5rX3VybF9wcm9qZWN0Iiwic2V0dGluZ3MiOnsicG9zdF9pZCI6Ijg3MSJ9fQ==@\u00a0\u00bb global_colors_info=\u00a0\u00bb{}\u00a0\u00bb][\/dica_divi_carouselitem][dica_divi_carouselitem admin_label=\u00a0\u00bbTomb Raider\u00a0\u00bb button_url_new_window=\u00a0\u00bb1&Prime; image=\u00a0\u00bbhttp:\/\/yohannboudreault.com\/wp-content\/uploads\/2013\/03\/TR-Sq.webp\u00a0\u00bb _builder_version=\u00a0\u00bb4.27.3&Prime; _dynamic_attributes=\u00a0\u00bblink_option_url\u00a0\u00bb _module_preset=\u00a0\u00bbdefault\u00a0\u00bb link_option_url=\u00a0\u00bb@ET-DC@eyJkeW5hbWljIjp0cnVlLCJjb250ZW50IjoicG9zdF9saW5rX3VybF9wcm9qZWN0Iiwic2V0dGluZ3MiOnsicG9zdF9pZCI6IjkzNiJ9fQ==@\u00a0\u00bb global_colors_info=\u00a0\u00bb{}\u00a0\u00bb][\/dica_divi_carouselitem][dica_divi_carouselitem admin_label=\u00a0\u00bbDeus Ex Human Revolution\u00a0\u00bb button_url_new_window=\u00a0\u00bb1&Prime; image=\u00a0\u00bbhttp:\/\/yohannboudreault.com\/wp-content\/uploads\/2024\/11\/Deus-Ex-Human-Revolution-Sq.webp\u00a0\u00bb _builder_version=\u00a0\u00bb4.27.3&Prime; _dynamic_attributes=\u00a0\u00bblink_option_url\u00a0\u00bb _module_preset=\u00a0\u00bbdefault\u00a0\u00bb link_option_url=\u00a0\u00bb@ET-DC@eyJkeW5hbWljIjp0cnVlLCJjb250ZW50IjoicG9zdF9saW5rX3VybF9wcm9qZWN0Iiwic2V0dGluZ3MiOnsicG9zdF9pZCI6IjkwMCJ9fQ==@\u00a0\u00bb global_colors_info=\u00a0\u00bb{}\u00a0\u00bb][\/dica_divi_carouselitem][\/dica_divi_carousel][\/et_pb_column][\/et_pb_row][\/et_pb_section][et_pb_section fb_built=\u00a0\u00bb1&Prime; _builder_version=\u00a0\u00bb4.27.2&Prime; _module_preset=\u00a0\u00bbdefault\u00a0\u00bb background_color=\u00a0\u00bb#000000&Prime; global_colors_info=\u00a0\u00bb{}\u00a0\u00bb][et_pb_row column_structure=\u00a0\u00bb1_2,1_2&Prime; _builder_version=\u00a0\u00bb4.27.2&Prime; _module_preset=\u00a0\u00bbdefault\u00a0\u00bb global_colors_info=\u00a0\u00bb{}\u00a0\u00bb][et_pb_column type=\u00a0\u00bb1_2&Prime; _builder_version=\u00a0\u00bb4.27.2&Prime; _module_preset=\u00a0\u00bbdefault\u00a0\u00bb global_colors_info=\u00a0\u00bb{}\u00a0\u00bb][et_pb_text _builder_version=\u00a0\u00bb4.27.3&Prime; _module_preset=\u00a0\u00bbdefault\u00a0\u00bb content_fr_ca=\u00a0\u00bb<\/p>\n<h1>Yohann Boudreault<\/h1>\n<h4>Compositeur, Concepteur Sonore<\/h4>\n<p>Yohann est un artiste pluridisciplinaire : musicien, compositeur, concepteur sonore, mixeur et ing\u00e9nieur du son.<\/p>\n<p>D\u00e8s son plus jeune \u00e2ge, il a \u00e9tudi\u00e9 le piano avant de se tourner vers la guitare. Apr\u00e8s une solide formation en guitare classique, jazz et pop, il s\u2019est \u00e9galement int\u00e9ress\u00e9 \u00e0 la composition musicale et \u00e0 l\u2019arrangement pour Big Band. Influenc\u00e9 par Michel Cusson, Joe Satriani, Steve Vai et bien d\u2019autres, il a d\u00e9velopp\u00e9 au fil du temps un son unique, caract\u00e9ris\u00e9 par un phras\u00e9 fluide et m\u00e9lodieux, avec une tonalit\u00e9 chaleureuse et enveloppante.<\/p>\n<p>Son int\u00e9r\u00eat pour la composition l\u2019a men\u00e9 dans l\u2019univers des jeux vid\u00e9o, o\u00f9 il a compos\u00e9 de la musique et conceptions sonores pour de nombreux jeux, dont Guardians of the Galaxy, Deus Ex et Tomb Raider. Il a collabor\u00e9 avec des entreprises de premier plan telles qu\u2019Eidos Montr\u00e9al, Square-Enix, Behaviour Interactive, Reflector Entertainment, et plusieurs autres.<\/p>\n<p>Toute cette exp\u00e9rience l\u2019a finalement inspir\u00e9 \u00e0 fonder son propre studio, <a href=%22https:\/\/alchimikaudio.com\/%22><em>Alchimik Audio<\/em><\/a>, o\u00f9 il r\u00e9alise des albums pour de nombreux artistes.<\/p>\n<p>\u00a0\u00bb global_colors_info=\u00a0\u00bb{}\u00a0\u00bb]<\/p>\n<h1>Yohann Boudreault<\/h1>\n<h4>Composer, Sound Designer<\/h4>\n<p>Yohann is a multi-discipline artist: musician, composer, sound designer, mixer and recording engineer.<\/p>\n<p>From a very young age, he studied piano before eventually turning to the guitar. After solid training in classical, jazz, and pop guitar, he also explored musical composition and arrangement for Big Band. Influenced by Michel Cusson, Joe Satriani, Steve Vai, and many others, his unique sound developed over time, characterized by a fluid and melodious phrasing with a warm and enveloping tone.<\/p>\n<p>His interest in composition led him into the world of video games, where he composed music and did sound design for numerous games, including <em>Guardians of the Galaxy<\/em>, <em>Deus Ex<\/em>, and <em>Tomb Raider<\/em>. He has worked with major companies such as <em>Eidos Montr\u00e9al, Square-Enix, Behaviour Interactive, Reflector Entertainment, <\/em>and many others.<\/p>\n<p>All this experience eventually inspired him to found his own studio, <a href=\"https:\/\/alchimikaudio.com\/\" target=\"_blank\" rel=\"noopener\"><em>Alchimik Audio<\/em><\/a>, where he produces albums for numerous artists.<\/p>\n<p>[\/et_pb_text][\/et_pb_column][et_pb_column type=\u00a0\u00bb1_2&Prime; _builder_version=\u00a0\u00bb4.27.2&Prime; _module_preset=\u00a0\u00bbdefault\u00a0\u00bb global_colors_info=\u00a0\u00bb{}\u00a0\u00bb][et_pb_image src=\u00a0\u00bbhttp:\/\/yohannboudreault.com\/wp-content\/uploads\/2024\/11\/Yohann-Chaise.webp\u00a0\u00bb _builder_version=\u00a0\u00bb4.27.4&Prime; _module_preset=\u00a0\u00bbdefault\u00a0\u00bb width=\u00a0\u00bb100%\u00a0\u00bb min_height=\u00a0\u00bb400px\u00a0\u00bb animation_direction=\u00a0\u00bbright\u00a0\u00bb global_colors_info=\u00a0\u00bb{}\u00a0\u00bb][\/et_pb_image][et_pb_text _builder_version=\u00a0\u00bb4.27.3&Prime; _module_preset=\u00a0\u00bbdefault\u00a0\u00bb text_text_color=\u00a0\u00bb#8F8F8F\u00a0\u00bb text_font_size=\u00a0\u00bb14px\u00a0\u00bb custom_margin=\u00a0\u00bb-25px||||false|false\u00a0\u00bb global_colors_info=\u00a0\u00bb{}\u00a0\u00bb]<\/p>\n<p>Photo: <a href=\"https:\/\/www.andrewmonia.com\/\" target=\"_blank\" rel=\"noopener\">Andrew Monia<\/a><\/p>\n<p>[\/et_pb_text][\/et_pb_column][\/et_pb_row][\/et_pb_section][et_pb_section fb_built=\u00a0\u00bb1&Prime; admin_label=\u00a0\u00bbLogo Carousel Section\u00a0\u00bb module_id=\u00a0\u00bblogo-carousel\u00a0\u00bb _builder_version=\u00a0\u00bb4.27.3&Prime; background_color=\u00a0\u00bb#f4f7f9&Prime; use_background_color_gradient=\u00a0\u00bbon\u00a0\u00bb background_color_gradient_stops=\u00a0\u00bb#000000 0%|#e09900 100%\u00a0\u00bb custom_padding=\u00a0\u00bb72px|0px|72px|0px|true|false\u00a0\u00bb global_colors_info=\u00a0\u00bb{}\u00a0\u00bb][et_pb_row module_class=\u00a0\u00bb et_pb_row_fullwidth\u00a0\u00bb _builder_version=\u00a0\u00bb4.16&Prime; width=\u00a0\u00bb89%\u00a0\u00bb width_tablet=\u00a0\u00bb80%\u00a0\u00bb width_phone=\u00a0\u00bb\u00a0\u00bb width_last_edited=\u00a0\u00bbon|desktop\u00a0\u00bb max_width=\u00a0\u00bb89%\u00a0\u00bb max_width_tablet=\u00a0\u00bb80%\u00a0\u00bb max_width_phone=\u00a0\u00bb\u00a0\u00bb max_width_last_edited=\u00a0\u00bbon|desktop\u00a0\u00bb custom_padding=\u00a0\u00bb0|0px|0|0px|false|false\u00a0\u00bb make_fullwidth=\u00a0\u00bbon\u00a0\u00bb global_colors_info=\u00a0\u00bb{}\u00a0\u00bb][et_pb_column type=\u00a0\u00bb4_4&Prime; _builder_version=\u00a0\u00bb4.16&Prime; custom_padding=\u00a0\u00bb|||\u00a0\u00bb global_colors_info=\u00a0\u00bb{}\u00a0\u00bb custom_padding__hover=\u00a0\u00bb|||\u00a0\u00bb][dica_divi_carousel show_items_desktop=\u00a0\u00bb5&Prime; transition_duration=\u00a0\u00bb1000&Prime; centermode=\u00a0\u00bbon\u00a0\u00bb loop=\u00a0\u00bbon\u00a0\u00bb autoplay=\u00a0\u00bbon\u00a0\u00bb item_spacing=\u00a0\u00bb72&Prime; item_vertical_align=\u00a0\u00bbcenter\u00a0\u00bb advanced_effect=\u00a0\u00bb1&Prime; arrow_nav_color=\u00a0\u00bb#ffffff\u00a0\u00bb arrow_bg_color=\u00a0\u00bb#282828&Prime; dots_active_color=\u00a0\u00bb#000000&Prime; overlay_color_field_bgcolor=\u00a0\u00bbrgba(255,255,255,0.85)\u00a0\u00bb image_sizing=\u00a0\u00bb200px\u00a0\u00bb admin_label=\u00a0\u00bbLogo Carousel\u00a0\u00bb _builder_version=\u00a0\u00bb4.27.4&Prime; global_colors_info=\u00a0\u00bb{}\u00a0\u00bb][dica_divi_carouselitem admin_label=\u00a0\u00bbMarvel\u00a0\u00bb button_url_new_window=\u00a0\u00bb1&Prime; image=\u00a0\u00bbhttp:\/\/yohannboudreault.com\/wp-content\/uploads\/2024\/11\/Marvel-500.png\u00a0\u00bb _builder_version=\u00a0\u00bb4.27.3&Prime; body_font=\u00a0\u00bb||||||||\u00a0\u00bb global_colors_info=\u00a0\u00bb{}\u00a0\u00bb][\/dica_divi_carouselitem][dica_divi_carouselitem admin_label=\u00a0\u00bbDisney\u00a0\u00bb button_url_new_window=\u00a0\u00bb1&Prime; image=\u00a0\u00bbhttp:\/\/yohannboudreault.com\/wp-content\/uploads\/2024\/11\/disney-logo.png\u00a0\u00bb _builder_version=\u00a0\u00bb4.27.3&Prime; body_font=\u00a0\u00bb||||||||\u00a0\u00bb global_colors_info=\u00a0\u00bb{}\u00a0\u00bb][\/dica_divi_carouselitem][dica_divi_carouselitem admin_label=\u00a0\u00bbDiscovery\u00a0\u00bb button_url_new_window=\u00a0\u00bb1&Prime; image=\u00a0\u00bbhttp:\/\/yohannboudreault.com\/wp-content\/uploads\/2024\/11\/Discovery_Channel_-_Logo_500.png\u00a0\u00bb _builder_version=\u00a0\u00bb4.27.3&Prime; body_font=\u00a0\u00bb||||||||\u00a0\u00bb global_colors_info=\u00a0\u00bb{}\u00a0\u00bb][\/dica_divi_carouselitem][dica_divi_carouselitem admin_label=\u00a0\u00bbEidos\u00a0\u00bb button_url_new_window=\u00a0\u00bb1&Prime; image=\u00a0\u00bbhttp:\/\/yohannboudreault.com\/wp-content\/uploads\/2024\/11\/Eidos_Montreal-500.png\u00a0\u00bb _builder_version=\u00a0\u00bb4.27.3&Prime; body_font=\u00a0\u00bb||||||||\u00a0\u00bb global_colors_info=\u00a0\u00bb{}\u00a0\u00bb][\/dica_divi_carouselitem][dica_divi_carouselitem admin_label=\u00a0\u00bbBehaviour\u00a0\u00bb button_url_new_window=\u00a0\u00bb1&Prime; image=\u00a0\u00bbhttp:\/\/yohannboudreault.com\/wp-content\/uploads\/2024\/11\/Behaviour_Interactive-500.png\u00a0\u00bb _builder_version=\u00a0\u00bb4.27.3&Prime; body_font=\u00a0\u00bb||||||||\u00a0\u00bb global_colors_info=\u00a0\u00bb{}\u00a0\u00bb][\/dica_divi_carouselitem][dica_divi_carouselitem admin_label=\u00a0\u00bbA2M\u00a0\u00bb button_url_new_window=\u00a0\u00bb1&Prime; image=\u00a0\u00bbhttp:\/\/yohannboudreault.com\/wp-content\/uploads\/2024\/11\/A2M_500.webp\u00a0\u00bb _builder_version=\u00a0\u00bb4.27.3&Prime; body_font=\u00a0\u00bb||||||||\u00a0\u00bb global_colors_info=\u00a0\u00bb{}\u00a0\u00bb][\/dica_divi_carouselitem][dica_divi_carouselitem admin_label=\u00a0\u00bbReflector\u00a0\u00bb button_url_new_window=\u00a0\u00bb1&Prime; image=\u00a0\u00bbhttp:\/\/yohannboudreault.com\/wp-content\/uploads\/2024\/11\/Reflector-500.png\u00a0\u00bb _builder_version=\u00a0\u00bb4.27.3&Prime; body_font=\u00a0\u00bb||||||||\u00a0\u00bb global_colors_info=\u00a0\u00bb{}\u00a0\u00bb][\/dica_divi_carouselitem][dica_divi_carouselitem admin_label=\u00a0\u00bbSony\u00a0\u00bb button_url_new_window=\u00a0\u00bb1&Prime; image=\u00a0\u00bbhttp:\/\/yohannboudreault.com\/wp-content\/uploads\/2024\/11\/sony.png\u00a0\u00bb _builder_version=\u00a0\u00bb4.27.3&Prime; body_font=\u00a0\u00bb||||||||\u00a0\u00bb transform_scale=\u00a0\u00bb80%|80%\u00a0\u00bb global_colors_info=\u00a0\u00bb{}\u00a0\u00bb][\/dica_divi_carouselitem][dica_divi_carouselitem admin_label=\u00a0\u00bbCrystal Dynamics\u00a0\u00bb button_url_new_window=\u00a0\u00bb1&Prime; image=\u00a0\u00bbhttp:\/\/yohannboudreault.com\/wp-content\/uploads\/2024\/11\/Crystal_Dynamics_Logo.svg_.webp\u00a0\u00bb _builder_version=\u00a0\u00bb4.27.3&Prime; _module_preset=\u00a0\u00bbdefault\u00a0\u00bb global_colors_info=\u00a0\u00bb{}\u00a0\u00bb][\/dica_divi_carouselitem][dica_divi_carouselitem admin_label=\u00a0\u00bbSquare Enix\u00a0\u00bb button_url_new_window=\u00a0\u00bb1&Prime; image=\u00a0\u00bbhttp:\/\/yohannboudreault.com\/wp-content\/uploads\/2024\/11\/Square_Enix-Logo-copie.webp\u00a0\u00bb _builder_version=\u00a0\u00bb4.27.3&Prime; _module_preset=\u00a0\u00bbdefault\u00a0\u00bb global_colors_info=\u00a0\u00bb{}\u00a0\u00bb][\/dica_divi_carouselitem][dica_divi_carouselitem admin_label=\u00a0\u00bbLucasarts\u00a0\u00bb button_url_new_window=\u00a0\u00bb1&Prime; image=\u00a0\u00bbhttp:\/\/yohannboudreault.com\/wp-content\/uploads\/2024\/11\/LucasArts-Logo.wine_.webp\u00a0\u00bb _builder_version=\u00a0\u00bb4.27.3&Prime; _module_preset=\u00a0\u00bbdefault\u00a0\u00bb global_colors_info=\u00a0\u00bb{}\u00a0\u00bb][\/dica_divi_carouselitem][dica_divi_carouselitem admin_label=\u00a0\u00bbFirebrand\u00a0\u00bb button_url_new_window=\u00a0\u00bb1&Prime; image=\u00a0\u00bbhttp:\/\/yohannboudreault.com\/wp-content\/uploads\/2024\/11\/Firebrand_Games-topaz-upscale-500w.png\u00a0\u00bb _builder_version=\u00a0\u00bb4.27.4&Prime; transform_scale=\u00a0\u00bb70%|70%\u00a0\u00bb global_colors_info=\u00a0\u00bb{}\u00a0\u00bb][\/dica_divi_carouselitem][dica_divi_carouselitem admin_label=\u00a0\u00bbDC Studios\u00a0\u00bb button_url_new_window=\u00a0\u00bb1&Prime; image=\u00a0\u00bbhttp:\/\/yohannboudreault.com\/wp-content\/uploads\/2024\/11\/DC_Studios_500px.png\u00a0\u00bb _builder_version=\u00a0\u00bb4.27.4&Prime; body_font=\u00a0\u00bb||||||||\u00a0\u00bb transform_scale=\u00a0\u00bb80%|80%\u00a0\u00bb global_colors_info=\u00a0\u00bb{}\u00a0\u00bb][\/dica_divi_carouselitem][\/dica_divi_carousel][\/et_pb_column][\/et_pb_row][\/et_pb_section]<\/p>\n","protected":false},"excerpt":{"rendered":"<p><div class=\"et_pb_with_border et_pb_module dica_divi_carousel dica_divi_carousel_0\">\n\t\t\t\t\n\t\t\t\t\n\t\t\t\t\n\t\t\t\t\n\t\t\t\t\n\t\t\t\t\n\t\t\t\t<div class=\"et_pb_module_inner\">\n\t\t\t\t\t<div class=\"dica-container  desktop_middle-inside tablet_middle-inside mobile_middle-inside\" data-props='{\"desktop\":\"4\",\"tablet\":\"3\",\"mobile\":\"1\",\"speed\":\"2500\",\"arrow\":\"on\",\"dots\":\"off\",\"autoplay\":\"on\",\"autoSpeed\":\"2500\",\"loop\":\"on\",\"item_spacing\":\"30\",\"center_mode\":\"on\",\"slider_effec\":\"coverflow\",\"cover_rotate\":\"50\",\"pause_onhover\":\"off\",\"multislide\":\"off\",\"cfshadow\":\"on\",\"order\":\"0\",\"lazyload\":\"on\",\"lazybefore\":\"on\",\"scroller_effect\":\"off\",\"autowidth\":\"on\",\"item_spacing_tablet\":\"30\",\"item_spacing_phone\":\"30\",\"scroller_speed\":\"4000\",\"hashNavigation\":\"off\",\"simulatetouch\":\"off\",\"allowtouchmove\":\"off\",\"slide_row\":\"1\",\"slide_row_tablet\":\"1\",\"slide_row_phone\":\"1\",\"keyboard\":\"off\",\"mousewheel\":\"off\",\"autoplay_viewport\":\"80%\"}'>\n\t\t\t\t\t\t\t \t<div class=\"swiper-container\" >\n\t\t\t\t\t\t\t\t\t<div class=\"swiper-wrapper\"><\/div>\t\n\t\t\t\t\t\t\t\t<\/div>\t\n\t\t\t\t\t\t\t\t<div class=\"swiper-buttton-container\"><div class=\"swiper-button-prev dica-prev-btn-0\" data-icon=\"4\"><\/div><div class=\"swiper-button-next dica-next-btn-0\" data-icon=\"5\"><\/div><\/div>\n\t\t\t\t\t\t\t\t\t\t\t\t\t\t\n\t\t\t\t\t\t\t<\/div>\n\t\t\t\t<\/div>\n\t\t\t<\/div><div class=\"et_pb_module dica_divi_carouselitem dica_divi_carouselitem_0\">\n\t\t\t\t\n\t\t\t\t\n\t\t\t\t\n\t\t\t\t\n\t\t\t\t\n\t\t\t\t\n\t\t\t\t<div class=\"et_pb_module_inner\">\n\t\t\t\t\t <div class=\"dica-item empty-content image_top swiper-lazy loading\"   data-hash=\"dica_divi_carouselitem_0\">\n\t\t\t\t\t\t\t\t\t<div class=\"dica-image-container\"><span class=\"image\"><img data-src=\"http:\/\/yohannboudreault.com\/wp-content\/uploads\/2024\/11\/GOTG_Sq.webp\" data-srcset=\"https:\/\/yohannboudreault.com\/wp-content\/uploads\/2024\/11\/GOTG_Sq.webp 1024w, https:\/\/yohannboudreault.com\/wp-content\/uploads\/2024\/11\/GOTG_Sq-980x980.webp 980w, https:\/\/yohannboudreault.com\/wp-content\/uploads\/2024\/11\/GOTG_Sq-480x480.webp 480w\" alt=\"\" class=\"dica-item-image swiper-lazy\" width=\"1024\" height=\"1024\"\/><div class=\"swiper-lazy-preloader swiper-lazy-preloader-black\"><\/div><\/span><\/div>\n\t\t\t\t\t\t\t\t\t\n\t\t\t\t\t\t\t<\/div>\n\t\t\t\t<\/div>\n\t\t\t<\/div><div class=\"et_pb_module dica_divi_carouselitem dica_divi_carouselitem_1\">\n\t\t\t\t\n\t\t\t\t\n\t\t\t\t\n\t\t\t\t\n\t\t\t\t\n\t\t\t\t\n\t\t\t\t<div class=\"et_pb_module_inner\">\n\t\t\t\t\t <div class=\"dica-item empty-content image_top swiper-lazy loading\"   data-hash=\"dica_divi_carouselitem_1\">\n\t\t\t\t\t\t\t\t\t<div class=\"dica-image-container\"><span class=\"image\"><img data-src=\"http:\/\/yohannboudreault.com\/wp-content\/uploads\/2024\/11\/What-The-Fog_Sq.webp\" data-srcset=\"https:\/\/yohannboudreault.com\/wp-content\/uploads\/2024\/11\/What-The-Fog_Sq.webp 1024w, https:\/\/yohannboudreault.com\/wp-content\/uploads\/2024\/11\/What-The-Fog_Sq-980x980.webp 980w, https:\/\/yohannboudreault.com\/wp-content\/uploads\/2024\/11\/What-The-Fog_Sq-480x480.webp 480w\" alt=\"\" class=\"dica-item-image swiper-lazy\" width=\"1024\" height=\"1024\"\/><div class=\"swiper-lazy-preloader swiper-lazy-preloader-black\"><\/div><\/span><\/div>\n\t\t\t\t\t\t\t\t\t\n\t\t\t\t\t\t\t<\/div>\n\t\t\t\t<\/div>\n\t\t\t<\/div><div class=\"et_pb_module dica_divi_carouselitem dica_divi_carouselitem_2\">\n\t\t\t\t\n\t\t\t\t\n\t\t\t\t\n\t\t\t\t\n\t\t\t\t\n\t\t\t\t\n\t\t\t\t<div class=\"et_pb_module_inner\">\n\t\t\t\t\t <div class=\"dica-item empty-content image_top swiper-lazy loading\"   data-hash=\"dica_divi_carouselitem_2\">\n\t\t\t\t\t\t\t\t\t<div class=\"dica-image-container\"><span class=\"image\"><img data-src=\"https:\/\/yohannboudreault.com\/wp-content\/uploads\/2025\/04\/DBD_Sq.webp\" data-srcset=\"https:\/\/yohannboudreault.com\/wp-content\/uploads\/2025\/04\/DBD_Sq.webp 1024w, https:\/\/yohannboudreault.com\/wp-content\/uploads\/2025\/04\/DBD_Sq-980x980.webp 980w, https:\/\/yohannboudreault.com\/wp-content\/uploads\/2025\/04\/DBD_Sq-480x480.webp 480w\" alt=\"\" class=\"dica-item-image swiper-lazy\" width=\"1024\" height=\"1024\"\/><div class=\"swiper-lazy-preloader swiper-lazy-preloader-black\"><\/div><\/span><\/div>\n\t\t\t\t\t\t\t\t\t\n\t\t\t\t\t\t\t<\/div>\n\t\t\t\t<\/div>\n\t\t\t<\/div><div class=\"et_pb_module dica_divi_carouselitem dica_divi_carouselitem_3\">\n\t\t\t\t\n\t\t\t\t\n\t\t\t\t\n\t\t\t\t\n\t\t\t\t\n\t\t\t\t\n\t\t\t\t<div class=\"et_pb_module_inner\">\n\t\t\t\t\t <div class=\"dica-item empty-content image_top swiper-lazy loading\"   data-hash=\"dica_divi_carouselitem_3\">\n\t\t\t\t\t\t\t\t\t<div class=\"dica-image-container\"><span class=\"image\"><img data-src=\"\u00bbhttp:\/\/yohannboudreault.com\/wp-content\/uploads\/2024\/11\/Unknown9_Sq.webp\" data-srcset=\"\" alt=\"\" class=\"dica-item-image swiper-lazy\" width=\"f\" height=\"u\"\/><div class=\"swiper-lazy-preloader swiper-lazy-preloader-black\"><\/div><\/span><\/div>\n\t\t\t\t\t\t\t\t\t\n\t\t\t\t\t\t\t<\/div>\n\t\t\t\t<\/div>\n\t\t\t<\/div><\/p>\n","protected":false},"author":1,"featured_media":167,"parent":0,"menu_order":0,"comment_status":"closed","ping_status":"closed","template":"","meta":{"_et_pb_use_builder":"on","_et_pb_old_content":"","_et_gb_content_width":"1080","footnotes":""},"class_list":["post-6","page","type-page","status-publish","has-post-thumbnail","hentry"],"_links":{"self":[{"href":"https:\/\/yohannboudreault.com\/fr\/wp-json\/wp\/v2\/pages\/6","targetHints":{"allow":["GET"]}}],"collection":[{"href":"https:\/\/yohannboudreault.com\/fr\/wp-json\/wp\/v2\/pages"}],"about":[{"href":"https:\/\/yohannboudreault.com\/fr\/wp-json\/wp\/v2\/types\/page"}],"author":[{"embeddable":true,"href":"https:\/\/yohannboudreault.com\/fr\/wp-json\/wp\/v2\/users\/1"}],"replies":[{"embeddable":true,"href":"https:\/\/yohannboudreault.com\/fr\/wp-json\/wp\/v2\/comments?post=6"}],"version-history":[{"count":111,"href":"https:\/\/yohannboudreault.com\/fr\/wp-json\/wp\/v2\/pages\/6\/revisions"}],"predecessor-version":[{"id":1296,"href":"https:\/\/yohannboudreault.com\/fr\/wp-json\/wp\/v2\/pages\/6\/revisions\/1296"}],"wp:featuredmedia":[{"embeddable":true,"href":"https:\/\/yohannboudreault.com\/fr\/wp-json\/wp\/v2\/media\/167"}],"wp:attachment":[{"href":"https:\/\/yohannboudreault.com\/fr\/wp-json\/wp\/v2\/media?parent=6"}],"curies":[{"name":"wp","href":"https:\/\/api.w.org\/{rel}","templated":true}]}}