{"id":6,"date":"2024-11-07T19:05:33","date_gmt":"2024-11-07T19:05:33","guid":{"rendered":"http:\/\/yohannboudreault.com\/?page_id=6"},"modified":"2025-10-22T16:19:29","modified_gmt":"2025-10-22T20:19:29","slug":"home","status":"publish","type":"page","link":"https:\/\/yohannboudreault.com\/en\/","title":{"rendered":"Home"},"content":{"rendered":"<p>[et_pb_section fb_built=&#8221;1&#8243; _builder_version=&#8221;4.27.2&#8243; _module_preset=&#8221;default&#8221; background_image=&#8221;http:\/\/yohannboudreault.com\/wp-content\/uploads\/2024\/11\/Yohann-NB.webp&#8221; parallax=&#8221;on&#8221; min_height=&#8221;800px&#8221; min_height_tablet=&#8221;450px&#8221; min_height_phone=&#8221;400px&#8221; min_height_last_edited=&#8221;on|phone&#8221; animation_style=&#8221;fade&#8221; global_colors_info=&#8221;{}&#8221;][\/et_pb_section][et_pb_section fb_built=&#8221;1&#8243; _builder_version=&#8221;4.27.2&#8243; _module_preset=&#8221;default&#8221; use_background_color_gradient=&#8221;on&#8221; background_color_gradient_type=&#8221;elliptical&#8221; background_color_gradient_stops=&#8221;rgba(0,0,0,0.5) 0%|#000000 83%&#8221; global_colors_info=&#8221;{}&#8221;][et_pb_row _builder_version=&#8221;4.27.2&#8243; _module_preset=&#8221;default&#8221; width=&#8221;100%&#8221; max_width=&#8221;100%&#8221; global_colors_info=&#8221;{}&#8221;][et_pb_column type=&#8221;4_4&#8243; _builder_version=&#8221;4.27.2&#8243; _module_preset=&#8221;default&#8221; global_colors_info=&#8221;{}&#8221;][dica_divi_carousel item_width_auto=&#8221;on&#8221; item_width=&#8221;600px&#8221; item_width_tablet=&#8221;486px&#8221; item_width_phone=&#8221;400px&#8221; item_width_last_edited=&#8221;on|desktop&#8221; transition_duration=&#8221;2500&#8243; centermode=&#8221;on&#8221; loop=&#8221;on&#8221; autoplay=&#8221;on&#8221; autoplay_speed=&#8221;2500&#8243; arrow_nav=&#8221;on&#8221; lazy_loading=&#8221;on&#8221; load_before_transition=&#8221;on&#8221; advanced_effect=&#8221;coverflow&#8221; arrow_nav_color=&#8221;#E09900&#8243; arrow_bg_color=&#8221;#000000&#8243; overlay_color_field_bgcolor=&#8221;rgba(255,255,255,0.85)&#8221; _builder_version=&#8221;4.27.4&#8243; _module_preset=&#8221;default&#8221; hover_enabled=&#8221;0&#8243; border_width_all_image=&#8221;2px&#8221; border_color_all_image=&#8221;#000000&#8243; global_colors_info=&#8221;{}&#8221; sticky_enabled=&#8221;0&#8243;][dica_divi_carouselitem admin_label=&#8221;GOTG&#8221; button_url_new_window=&#8221;1&#8243; image=&#8221;http:\/\/yohannboudreault.com\/wp-content\/uploads\/2024\/11\/GOTG_Sq.webp&#8221; _builder_version=&#8221;4.27.3&#8243; _dynamic_attributes=&#8221;link_option_url&#8221; _module_preset=&#8221;default&#8221; link_option_url=&#8221;@ET-DC@eyJkeW5hbWljIjp0cnVlLCJjb250ZW50IjoicG9zdF9saW5rX3VybF9wcm9qZWN0Iiwic2V0dGluZ3MiOnsicG9zdF9pZCI6IjY5In19@&#8221; global_colors_info=&#8221;{}&#8221;][\/dica_divi_carouselitem][dica_divi_carouselitem admin_label=&#8221;WTF&#8221; button_url_new_window=&#8221;1&#8243; image=&#8221;http:\/\/yohannboudreault.com\/wp-content\/uploads\/2024\/11\/What-The-Fog_Sq.webp&#8221; _builder_version=&#8221;4.27.3&#8243; _dynamic_attributes=&#8221;link_option_url&#8221; _module_preset=&#8221;default&#8221; link_option_url=&#8221;@ET-DC@eyJkeW5hbWljIjp0cnVlLCJjb250ZW50IjoicG9zdF9saW5rX3VybF9wcm9qZWN0Iiwic2V0dGluZ3MiOnsicG9zdF9pZCI6IjE4MSJ9fQ==@&#8221; global_colors_info=&#8221;{}&#8221;][\/dica_divi_carouselitem][dica_divi_carouselitem admin_label=&#8221;DBD&#8221; button_url_new_window=&#8221;1&#8243; image=&#8221;https:\/\/yohannboudreault.com\/wp-content\/uploads\/2025\/04\/DBD_Sq.webp&#8221; _builder_version=&#8221;4.27.4&#8243; _dynamic_attributes=&#8221;link_option_url&#8221; _module_preset=&#8221;default&#8221; link_option_url=&#8221;@ET-DC@eyJkeW5hbWljIjp0cnVlLCJjb250ZW50IjoicG9zdF9saW5rX3VybF9wcm9qZWN0Iiwic2V0dGluZ3MiOnsicG9zdF9pZCI6IjEyNjkifX0=@&#8221; global_colors_info=&#8221;{}&#8221;][\/dica_divi_carouselitem][dica_divi_carouselitem admin_label=&#8221;Unknown9&#8243; button_url_new_window=&#8221;1&#8243; image=&#8221;http:\/\/yohannboudreault.com\/wp-content\/uploads\/2024\/11\/Unknown9_Sq.webp&#8221; _builder_version=&#8221;4.27.3&#8243; _dynamic_attributes=&#8221;link_option_url&#8221; _module_preset=&#8221;default&#8221; link_option_url=&#8221;@ET-DC@eyJkeW5hbWljIjp0cnVlLCJjb250ZW50IjoicG9zdF9saW5rX3VybF9wcm9qZWN0Iiwic2V0dGluZ3MiOnsicG9zdF9pZCI6IjgxIn19@&#8221; global_colors_info=&#8221;{}&#8221;][\/dica_divi_carouselitem][dica_divi_carouselitem admin_label=&#8221;Shadow of the Tomb Raider&#8221; button_url_new_window=&#8221;1&#8243; image=&#8221;http:\/\/yohannboudreault.com\/wp-content\/uploads\/2024\/11\/Shadow-of-the-Tomb-Raider-Sq.webp&#8221; _builder_version=&#8221;4.27.3&#8243; _dynamic_attributes=&#8221;link_option_url&#8221; _module_preset=&#8221;default&#8221; link_option_url=&#8221;@ET-DC@eyJkeW5hbWljIjp0cnVlLCJjb250ZW50IjoicG9zdF9saW5rX3VybF9wcm9qZWN0Iiwic2V0dGluZ3MiOnsicG9zdF9pZCI6Ijk1NCJ9fQ==@&#8221; global_colors_info=&#8221;{}&#8221;][\/dica_divi_carouselitem][dica_divi_carouselitem admin_label=&#8221;Deus Ex Breach&#8221; button_url_new_window=&#8221;1&#8243; image=&#8221;http:\/\/yohannboudreault.com\/wp-content\/uploads\/2024\/11\/DX-Breach-1024.webp&#8221; _builder_version=&#8221;4.27.3&#8243; _dynamic_attributes=&#8221;link_option_url&#8221; _module_preset=&#8221;default&#8221; link_option_url=&#8221;@ET-DC@eyJkeW5hbWljIjp0cnVlLCJjb250ZW50IjoicG9zdF9saW5rX3VybF9wcm9qZWN0Iiwic2V0dGluZ3MiOnsicG9zdF9pZCI6IjgzOCJ9fQ==@&#8221; global_colors_info=&#8221;{}&#8221;][\/dica_divi_carouselitem][dica_divi_carouselitem admin_label=&#8221;Deus Ex Mankind Divided&#8221; button_url_new_window=&#8221;1&#8243; image=&#8221;http:\/\/yohannboudreault.com\/wp-content\/uploads\/2024\/11\/Deus-Ex-Mankind-Divided-Sq.webp&#8221; _builder_version=&#8221;4.27.3&#8243; _dynamic_attributes=&#8221;link_option_url&#8221; _module_preset=&#8221;default&#8221; link_option_url=&#8221;@ET-DC@eyJkeW5hbWljIjp0cnVlLCJjb250ZW50IjoicG9zdF9saW5rX3VybF9wcm9qZWN0Iiwic2V0dGluZ3MiOnsicG9zdF9pZCI6Ijg2MyJ9fQ==@&#8221; global_colors_info=&#8221;{}&#8221;][\/dica_divi_carouselitem][dica_divi_carouselitem admin_label=&#8221;Deus Ex GO&#8221; button_url_new_window=&#8221;1&#8243; image=&#8221;http:\/\/yohannboudreault.com\/wp-content\/uploads\/2024\/11\/Deus-Ex-Go-Sq.webp&#8221; _builder_version=&#8221;4.27.3&#8243; _dynamic_attributes=&#8221;link_option_url&#8221; _module_preset=&#8221;default&#8221; link_option_url=&#8221;@ET-DC@eyJkeW5hbWljIjp0cnVlLCJjb250ZW50IjoicG9zdF9saW5rX3VybF9wcm9qZWN0Iiwic2V0dGluZ3MiOnsicG9zdF9pZCI6Ijg3MSJ9fQ==@&#8221; global_colors_info=&#8221;{}&#8221;][\/dica_divi_carouselitem][dica_divi_carouselitem admin_label=&#8221;Tomb Raider&#8221; button_url_new_window=&#8221;1&#8243; image=&#8221;http:\/\/yohannboudreault.com\/wp-content\/uploads\/2013\/03\/TR-Sq.webp&#8221; _builder_version=&#8221;4.27.3&#8243; _dynamic_attributes=&#8221;link_option_url&#8221; _module_preset=&#8221;default&#8221; link_option_url=&#8221;@ET-DC@eyJkeW5hbWljIjp0cnVlLCJjb250ZW50IjoicG9zdF9saW5rX3VybF9wcm9qZWN0Iiwic2V0dGluZ3MiOnsicG9zdF9pZCI6IjkzNiJ9fQ==@&#8221; global_colors_info=&#8221;{}&#8221;][\/dica_divi_carouselitem][dica_divi_carouselitem admin_label=&#8221;Deus Ex Human Revolution&#8221; button_url_new_window=&#8221;1&#8243; image=&#8221;http:\/\/yohannboudreault.com\/wp-content\/uploads\/2024\/11\/Deus-Ex-Human-Revolution-Sq.webp&#8221; _builder_version=&#8221;4.27.3&#8243; _dynamic_attributes=&#8221;link_option_url&#8221; _module_preset=&#8221;default&#8221; link_option_url=&#8221;@ET-DC@eyJkeW5hbWljIjp0cnVlLCJjb250ZW50IjoicG9zdF9saW5rX3VybF9wcm9qZWN0Iiwic2V0dGluZ3MiOnsicG9zdF9pZCI6IjkwMCJ9fQ==@&#8221; global_colors_info=&#8221;{}&#8221;][\/dica_divi_carouselitem][\/dica_divi_carousel][\/et_pb_column][\/et_pb_row][\/et_pb_section][et_pb_section fb_built=&#8221;1&#8243; _builder_version=&#8221;4.27.2&#8243; _module_preset=&#8221;default&#8221; background_color=&#8221;#000000&#8243; global_colors_info=&#8221;{}&#8221;][et_pb_row column_structure=&#8221;1_2,1_2&#8243; _builder_version=&#8221;4.27.2&#8243; _module_preset=&#8221;default&#8221; global_colors_info=&#8221;{}&#8221;][et_pb_column type=&#8221;1_2&#8243; _builder_version=&#8221;4.27.2&#8243; _module_preset=&#8221;default&#8221; global_colors_info=&#8221;{}&#8221;][et_pb_text _builder_version=&#8221;4.27.3&#8243; _module_preset=&#8221;default&#8221; content_fr_ca=&#8221;<\/p>\n<h1>Yohann Boudreault<\/h1>\n<h4>Compositeur, Concepteur Sonore<\/h4>\n<p>Yohann est un artiste pluridisciplinaire : musicien, compositeur, concepteur sonore, mixeur et ing\u00e9nieur du son.<\/p>\n<p>D\u00e8s son plus jeune \u00e2ge, il a \u00e9tudi\u00e9 le piano avant de se tourner vers la guitare. Apr\u00e8s une solide formation en guitare classique, jazz et pop, il s\u2019est \u00e9galement int\u00e9ress\u00e9 \u00e0 la composition musicale et \u00e0 l\u2019arrangement pour Big Band. Influenc\u00e9 par Michel Cusson, Joe Satriani, Steve Vai et bien d\u2019autres, il a d\u00e9velopp\u00e9 au fil du temps un son unique, caract\u00e9ris\u00e9 par un phras\u00e9 fluide et m\u00e9lodieux, avec une tonalit\u00e9 chaleureuse et enveloppante.<\/p>\n<p>Son int\u00e9r\u00eat pour la composition l\u2019a men\u00e9 dans l\u2019univers des jeux vid\u00e9o, o\u00f9 il a compos\u00e9 de la musique et conceptions sonores pour de nombreux jeux, dont Guardians of the Galaxy, Deus Ex et Tomb Raider. Il a collabor\u00e9 avec des entreprises de premier plan telles qu\u2019Eidos Montr\u00e9al, Square-Enix, Behaviour Interactive, Reflector Entertainment, et plusieurs autres.<\/p>\n<p>Toute cette exp\u00e9rience l\u2019a finalement inspir\u00e9 \u00e0 fonder son propre studio, <a href=%22https:\/\/alchimikaudio.com\/%22><em>Alchimik Audio<\/em><\/a>, o\u00f9 il r\u00e9alise des albums pour de nombreux artistes.<\/p>\n<p>&#8221; global_colors_info=&#8221;{}&#8221;]<\/p>\n<h1>Yohann Boudreault<\/h1>\n<h4>Composer, Sound Designer<\/h4>\n<p>Yohann is a multi-discipline artist: musician, composer, sound designer, mixer and recording engineer.<\/p>\n<p>From a very young age, he studied piano before eventually turning to the guitar. After solid training in classical, jazz, and pop guitar, he also explored musical composition and arrangement for Big Band. Influenced by Michel Cusson, Joe Satriani, Steve Vai, and many others, his unique sound developed over time, characterized by a fluid and melodious phrasing with a warm and enveloping tone.<\/p>\n<p>His interest in composition led him into the world of video games, where he composed music and did sound design for numerous games, including <em>Guardians of the Galaxy<\/em>, <em>Deus Ex<\/em>, and <em>Tomb Raider<\/em>. He has worked with major companies such as <em>Eidos Montr\u00e9al, Square-Enix, Behaviour Interactive, Reflector Entertainment, <\/em>and many others.<\/p>\n<p>All this experience eventually inspired him to found his own studio, <a href=\"https:\/\/alchimikaudio.com\/\" target=\"_blank\" rel=\"noopener\"><em>Alchimik Audio<\/em><\/a>, where he produces albums for numerous artists.<\/p>\n<p>[\/et_pb_text][\/et_pb_column][et_pb_column type=&#8221;1_2&#8243; _builder_version=&#8221;4.27.2&#8243; _module_preset=&#8221;default&#8221; global_colors_info=&#8221;{}&#8221;][et_pb_image src=&#8221;http:\/\/yohannboudreault.com\/wp-content\/uploads\/2024\/11\/Yohann-Chaise.webp&#8221; _builder_version=&#8221;4.27.4&#8243; _module_preset=&#8221;default&#8221; width=&#8221;100%&#8221; min_height=&#8221;400px&#8221; animation_direction=&#8221;right&#8221; global_colors_info=&#8221;{}&#8221;][\/et_pb_image][et_pb_text _builder_version=&#8221;4.27.3&#8243; _module_preset=&#8221;default&#8221; text_text_color=&#8221;#8F8F8F&#8221; text_font_size=&#8221;14px&#8221; custom_margin=&#8221;-25px||||false|false&#8221; global_colors_info=&#8221;{}&#8221;]<\/p>\n<p>Photo: <a href=\"https:\/\/www.andrewmonia.com\/\" target=\"_blank\" rel=\"noopener\">Andrew Monia<\/a><\/p>\n<p>[\/et_pb_text][\/et_pb_column][\/et_pb_row][\/et_pb_section][et_pb_section fb_built=&#8221;1&#8243; admin_label=&#8221;Logo Carousel Section&#8221; module_id=&#8221;logo-carousel&#8221; _builder_version=&#8221;4.27.3&#8243; background_color=&#8221;#f4f7f9&#8243; use_background_color_gradient=&#8221;on&#8221; background_color_gradient_stops=&#8221;#000000 0%|#e09900 100%&#8221; custom_padding=&#8221;72px|0px|72px|0px|true|false&#8221; global_colors_info=&#8221;{}&#8221;][et_pb_row module_class=&#8221; et_pb_row_fullwidth&#8221; _builder_version=&#8221;4.16&#8243; width=&#8221;89%&#8221; width_tablet=&#8221;80%&#8221; width_phone=&#8221;&#8221; width_last_edited=&#8221;on|desktop&#8221; max_width=&#8221;89%&#8221; max_width_tablet=&#8221;80%&#8221; max_width_phone=&#8221;&#8221; max_width_last_edited=&#8221;on|desktop&#8221; custom_padding=&#8221;0|0px|0|0px|false|false&#8221; make_fullwidth=&#8221;on&#8221; global_colors_info=&#8221;{}&#8221;][et_pb_column type=&#8221;4_4&#8243; _builder_version=&#8221;4.16&#8243; custom_padding=&#8221;|||&#8221; global_colors_info=&#8221;{}&#8221; custom_padding__hover=&#8221;|||&#8221;][dica_divi_carousel show_items_desktop=&#8221;5&#8243; transition_duration=&#8221;1000&#8243; centermode=&#8221;on&#8221; loop=&#8221;on&#8221; autoplay=&#8221;on&#8221; item_spacing=&#8221;72&#8243; item_vertical_align=&#8221;center&#8221; advanced_effect=&#8221;1&#8243; arrow_nav_color=&#8221;#ffffff&#8221; arrow_bg_color=&#8221;#282828&#8243; dots_active_color=&#8221;#000000&#8243; overlay_color_field_bgcolor=&#8221;rgba(255,255,255,0.85)&#8221; image_sizing=&#8221;200px&#8221; admin_label=&#8221;Logo Carousel&#8221; _builder_version=&#8221;4.27.4&#8243; global_colors_info=&#8221;{}&#8221;][dica_divi_carouselitem admin_label=&#8221;Marvel&#8221; button_url_new_window=&#8221;1&#8243; image=&#8221;http:\/\/yohannboudreault.com\/wp-content\/uploads\/2024\/11\/Marvel-500.png&#8221; _builder_version=&#8221;4.27.3&#8243; body_font=&#8221;||||||||&#8221; global_colors_info=&#8221;{}&#8221;][\/dica_divi_carouselitem][dica_divi_carouselitem admin_label=&#8221;Disney&#8221; button_url_new_window=&#8221;1&#8243; image=&#8221;http:\/\/yohannboudreault.com\/wp-content\/uploads\/2024\/11\/disney-logo.png&#8221; _builder_version=&#8221;4.27.3&#8243; body_font=&#8221;||||||||&#8221; global_colors_info=&#8221;{}&#8221;][\/dica_divi_carouselitem][dica_divi_carouselitem admin_label=&#8221;Discovery&#8221; button_url_new_window=&#8221;1&#8243; image=&#8221;http:\/\/yohannboudreault.com\/wp-content\/uploads\/2024\/11\/Discovery_Channel_-_Logo_500.png&#8221; _builder_version=&#8221;4.27.3&#8243; body_font=&#8221;||||||||&#8221; global_colors_info=&#8221;{}&#8221;][\/dica_divi_carouselitem][dica_divi_carouselitem admin_label=&#8221;Eidos&#8221; button_url_new_window=&#8221;1&#8243; image=&#8221;http:\/\/yohannboudreault.com\/wp-content\/uploads\/2024\/11\/Eidos_Montreal-500.png&#8221; _builder_version=&#8221;4.27.3&#8243; body_font=&#8221;||||||||&#8221; global_colors_info=&#8221;{}&#8221;][\/dica_divi_carouselitem][dica_divi_carouselitem admin_label=&#8221;Behaviour&#8221; button_url_new_window=&#8221;1&#8243; image=&#8221;http:\/\/yohannboudreault.com\/wp-content\/uploads\/2024\/11\/Behaviour_Interactive-500.png&#8221; _builder_version=&#8221;4.27.3&#8243; body_font=&#8221;||||||||&#8221; global_colors_info=&#8221;{}&#8221;][\/dica_divi_carouselitem][dica_divi_carouselitem admin_label=&#8221;A2M&#8221; button_url_new_window=&#8221;1&#8243; image=&#8221;http:\/\/yohannboudreault.com\/wp-content\/uploads\/2024\/11\/A2M_500.webp&#8221; _builder_version=&#8221;4.27.3&#8243; body_font=&#8221;||||||||&#8221; global_colors_info=&#8221;{}&#8221;][\/dica_divi_carouselitem][dica_divi_carouselitem admin_label=&#8221;Reflector&#8221; button_url_new_window=&#8221;1&#8243; image=&#8221;http:\/\/yohannboudreault.com\/wp-content\/uploads\/2024\/11\/Reflector-500.png&#8221; _builder_version=&#8221;4.27.3&#8243; body_font=&#8221;||||||||&#8221; global_colors_info=&#8221;{}&#8221;][\/dica_divi_carouselitem][dica_divi_carouselitem admin_label=&#8221;Sony&#8221; button_url_new_window=&#8221;1&#8243; image=&#8221;http:\/\/yohannboudreault.com\/wp-content\/uploads\/2024\/11\/sony.png&#8221; _builder_version=&#8221;4.27.3&#8243; body_font=&#8221;||||||||&#8221; transform_scale=&#8221;80%|80%&#8221; global_colors_info=&#8221;{}&#8221;][\/dica_divi_carouselitem][dica_divi_carouselitem admin_label=&#8221;Crystal Dynamics&#8221; button_url_new_window=&#8221;1&#8243; image=&#8221;http:\/\/yohannboudreault.com\/wp-content\/uploads\/2024\/11\/Crystal_Dynamics_Logo.svg_.webp&#8221; _builder_version=&#8221;4.27.3&#8243; _module_preset=&#8221;default&#8221; global_colors_info=&#8221;{}&#8221;][\/dica_divi_carouselitem][dica_divi_carouselitem admin_label=&#8221;Square Enix&#8221; button_url_new_window=&#8221;1&#8243; image=&#8221;http:\/\/yohannboudreault.com\/wp-content\/uploads\/2024\/11\/Square_Enix-Logo-copie.webp&#8221; _builder_version=&#8221;4.27.3&#8243; _module_preset=&#8221;default&#8221; global_colors_info=&#8221;{}&#8221;][\/dica_divi_carouselitem][dica_divi_carouselitem admin_label=&#8221;Lucasarts&#8221; button_url_new_window=&#8221;1&#8243; image=&#8221;http:\/\/yohannboudreault.com\/wp-content\/uploads\/2024\/11\/LucasArts-Logo.wine_.webp&#8221; _builder_version=&#8221;4.27.3&#8243; _module_preset=&#8221;default&#8221; global_colors_info=&#8221;{}&#8221;][\/dica_divi_carouselitem][dica_divi_carouselitem admin_label=&#8221;Firebrand&#8221; button_url_new_window=&#8221;1&#8243; image=&#8221;http:\/\/yohannboudreault.com\/wp-content\/uploads\/2024\/11\/Firebrand_Games-topaz-upscale-500w.png&#8221; _builder_version=&#8221;4.27.4&#8243; transform_scale=&#8221;70%|70%&#8221; global_colors_info=&#8221;{}&#8221;][\/dica_divi_carouselitem][dica_divi_carouselitem admin_label=&#8221;DC Studios&#8221; button_url_new_window=&#8221;1&#8243; image=&#8221;http:\/\/yohannboudreault.com\/wp-content\/uploads\/2024\/11\/DC_Studios_500px.png&#8221; _builder_version=&#8221;4.27.4&#8243; body_font=&#8221;||||||||&#8221; transform_scale=&#8221;80%|80%&#8221; global_colors_info=&#8221;{}&#8221;][\/dica_divi_carouselitem][\/dica_divi_carousel][\/et_pb_column][\/et_pb_row][\/et_pb_section]<\/p>\n","protected":false},"excerpt":{"rendered":"<p><div class=\"et_pb_with_border et_pb_module dica_divi_carousel dica_divi_carousel_0\">\n\t\t\t\t\n\t\t\t\t\n\t\t\t\t\n\t\t\t\t\n\t\t\t\t\n\t\t\t\t\n\t\t\t\t<div class=\"et_pb_module_inner\">\n\t\t\t\t\t<div class=\"dica-container  desktop_middle-inside tablet_middle-inside mobile_middle-inside\" data-props='{\"desktop\":\"4\",\"tablet\":\"3\",\"mobile\":\"1\",\"speed\":\"2500\",\"arrow\":\"on\",\"dots\":\"off\",\"autoplay\":\"on\",\"autoSpeed\":\"2500\",\"loop\":\"on\",\"item_spacing\":\"30\",\"center_mode\":\"on\",\"slider_effec\":\"coverflow\",\"cover_rotate\":\"50\",\"pause_onhover\":\"off\",\"multislide\":\"off\",\"cfshadow\":\"on\",\"order\":\"0\",\"lazyload\":\"on\",\"lazybefore\":\"on\",\"scroller_effect\":\"off\",\"autowidth\":\"on\",\"item_spacing_tablet\":\"30\",\"item_spacing_phone\":\"30\",\"scroller_speed\":\"4000\",\"hashNavigation\":\"off\",\"simulatetouch\":\"off\",\"allowtouchmove\":\"off\",\"slide_row\":\"1\",\"slide_row_tablet\":\"1\",\"slide_row_phone\":\"1\",\"keyboard\":\"off\",\"mousewheel\":\"off\",\"autoplay_viewport\":\"80%\"}'>\n\t\t\t\t\t\t\t \t<div class=\"swiper-container\" >\n\t\t\t\t\t\t\t\t\t<div class=\"swiper-wrapper\"><\/div>\t\n\t\t\t\t\t\t\t\t<\/div>\t\n\t\t\t\t\t\t\t\t<div class=\"swiper-buttton-container\"><div class=\"swiper-button-prev dica-prev-btn-0\" data-icon=\"4\"><\/div><div class=\"swiper-button-next dica-next-btn-0\" data-icon=\"5\"><\/div><\/div>\n\t\t\t\t\t\t\t\t\t\t\t\t\t\t\n\t\t\t\t\t\t\t<\/div>\n\t\t\t\t<\/div>\n\t\t\t<\/div><div class=\"et_pb_module dica_divi_carouselitem dica_divi_carouselitem_0\">\n\t\t\t\t\n\t\t\t\t\n\t\t\t\t\n\t\t\t\t\n\t\t\t\t\n\t\t\t\t\n\t\t\t\t<div class=\"et_pb_module_inner\">\n\t\t\t\t\t <div class=\"dica-item empty-content image_top swiper-lazy loading\"   data-hash=\"dica_divi_carouselitem_0\">\n\t\t\t\t\t\t\t\t\t<div class=\"dica-image-container\"><span class=\"image\"><img data-src=\"http:\/\/yohannboudreault.com\/wp-content\/uploads\/2024\/11\/GOTG_Sq.webp\" data-srcset=\"https:\/\/yohannboudreault.com\/wp-content\/uploads\/2024\/11\/GOTG_Sq.webp 1024w, https:\/\/yohannboudreault.com\/wp-content\/uploads\/2024\/11\/GOTG_Sq-980x980.webp 980w, https:\/\/yohannboudreault.com\/wp-content\/uploads\/2024\/11\/GOTG_Sq-480x480.webp 480w\" alt=\"\" class=\"dica-item-image swiper-lazy\" width=\"1024\" height=\"1024\"\/><div class=\"swiper-lazy-preloader swiper-lazy-preloader-black\"><\/div><\/span><\/div>\n\t\t\t\t\t\t\t\t\t\n\t\t\t\t\t\t\t<\/div>\n\t\t\t\t<\/div>\n\t\t\t<\/div><div class=\"et_pb_module dica_divi_carouselitem dica_divi_carouselitem_1\">\n\t\t\t\t\n\t\t\t\t\n\t\t\t\t\n\t\t\t\t\n\t\t\t\t\n\t\t\t\t\n\t\t\t\t<div class=\"et_pb_module_inner\">\n\t\t\t\t\t <div class=\"dica-item empty-content image_top swiper-lazy loading\"   data-hash=\"dica_divi_carouselitem_1\">\n\t\t\t\t\t\t\t\t\t<div class=\"dica-image-container\"><span class=\"image\"><img data-src=\"http:\/\/yohannboudreault.com\/wp-content\/uploads\/2024\/11\/What-The-Fog_Sq.webp\" data-srcset=\"https:\/\/yohannboudreault.com\/wp-content\/uploads\/2024\/11\/What-The-Fog_Sq.webp 1024w, https:\/\/yohannboudreault.com\/wp-content\/uploads\/2024\/11\/What-The-Fog_Sq-980x980.webp 980w, https:\/\/yohannboudreault.com\/wp-content\/uploads\/2024\/11\/What-The-Fog_Sq-480x480.webp 480w\" alt=\"\" class=\"dica-item-image swiper-lazy\" width=\"1024\" height=\"1024\"\/><div class=\"swiper-lazy-preloader swiper-lazy-preloader-black\"><\/div><\/span><\/div>\n\t\t\t\t\t\t\t\t\t\n\t\t\t\t\t\t\t<\/div>\n\t\t\t\t<\/div>\n\t\t\t<\/div><div class=\"et_pb_module dica_divi_carouselitem dica_divi_carouselitem_2\">\n\t\t\t\t\n\t\t\t\t\n\t\t\t\t\n\t\t\t\t\n\t\t\t\t\n\t\t\t\t\n\t\t\t\t<div class=\"et_pb_module_inner\">\n\t\t\t\t\t <div class=\"dica-item empty-content image_top swiper-lazy loading\"   data-hash=\"dica_divi_carouselitem_2\">\n\t\t\t\t\t\t\t\t\t<div class=\"dica-image-container\"><span class=\"image\"><img data-src=\"https:\/\/yohannboudreault.com\/wp-content\/uploads\/2025\/04\/DBD_Sq.webp\" data-srcset=\"https:\/\/yohannboudreault.com\/wp-content\/uploads\/2025\/04\/DBD_Sq.webp 1024w, https:\/\/yohannboudreault.com\/wp-content\/uploads\/2025\/04\/DBD_Sq-980x980.webp 980w, https:\/\/yohannboudreault.com\/wp-content\/uploads\/2025\/04\/DBD_Sq-480x480.webp 480w\" alt=\"\" class=\"dica-item-image swiper-lazy\" width=\"1024\" height=\"1024\"\/><div class=\"swiper-lazy-preloader swiper-lazy-preloader-black\"><\/div><\/span><\/div>\n\t\t\t\t\t\t\t\t\t\n\t\t\t\t\t\t\t<\/div>\n\t\t\t\t<\/div>\n\t\t\t<\/div><div class=\"et_pb_module dica_divi_carouselitem dica_divi_carouselitem_3\">\n\t\t\t\t\n\t\t\t\t\n\t\t\t\t\n\t\t\t\t\n\t\t\t\t\n\t\t\t\t\n\t\t\t\t<div class=\"et_pb_module_inner\">\n\t\t\t\t\t <div class=\"dica-item empty-content image_top swiper-lazy loading\"   data-hash=\"dica_divi_carouselitem_3\">\n\t\t\t\t\t\t\t\t\t<div class=\"dica-image-container\"><span class=\"image\"><img data-src=\"&#8221;http:\/\/yohannboudreault.com\/wp-content\/uploads\/2024\/11\/Unknown9_Sq.webp&#8221;\" data-srcset=\"\" alt=\"\" class=\"dica-item-image swiper-lazy\" width=\"f\" height=\"u\"\/><div class=\"swiper-lazy-preloader swiper-lazy-preloader-black\"><\/div><\/span><\/div>\n\t\t\t\t\t\t\t\t\t\n\t\t\t\t\t\t\t<\/div>\n\t\t\t\t<\/div>\n\t\t\t<\/div><\/p>\n","protected":false},"author":1,"featured_media":167,"parent":0,"menu_order":0,"comment_status":"closed","ping_status":"closed","template":"","meta":{"_et_pb_use_builder":"on","_et_pb_old_content":"","_et_gb_content_width":"1080","footnotes":""},"class_list":["post-6","page","type-page","status-publish","has-post-thumbnail","hentry"],"_links":{"self":[{"href":"https:\/\/yohannboudreault.com\/en\/wp-json\/wp\/v2\/pages\/6","targetHints":{"allow":["GET"]}}],"collection":[{"href":"https:\/\/yohannboudreault.com\/en\/wp-json\/wp\/v2\/pages"}],"about":[{"href":"https:\/\/yohannboudreault.com\/en\/wp-json\/wp\/v2\/types\/page"}],"author":[{"embeddable":true,"href":"https:\/\/yohannboudreault.com\/en\/wp-json\/wp\/v2\/users\/1"}],"replies":[{"embeddable":true,"href":"https:\/\/yohannboudreault.com\/en\/wp-json\/wp\/v2\/comments?post=6"}],"version-history":[{"count":111,"href":"https:\/\/yohannboudreault.com\/en\/wp-json\/wp\/v2\/pages\/6\/revisions"}],"predecessor-version":[{"id":1296,"href":"https:\/\/yohannboudreault.com\/en\/wp-json\/wp\/v2\/pages\/6\/revisions\/1296"}],"wp:featuredmedia":[{"embeddable":true,"href":"https:\/\/yohannboudreault.com\/en\/wp-json\/wp\/v2\/media\/167"}],"wp:attachment":[{"href":"https:\/\/yohannboudreault.com\/en\/wp-json\/wp\/v2\/media?parent=6"}],"curies":[{"name":"wp","href":"https:\/\/api.w.org\/{rel}","templated":true}]}}