{"id":43,"date":"2024-11-08T04:38:59","date_gmt":"2024-11-08T04:38:59","guid":{"rendered":"http:\/\/yohannboudreault.com\/?page_id=43"},"modified":"2025-05-02T13:18:15","modified_gmt":"2025-05-02T17:18:15","slug":"projects","status":"publish","type":"page","link":"https:\/\/yohannboudreault.com\/en\/projects\/","title":{"rendered":"Projects"},"content":{"rendered":"<p>[et_pb_section fb_built=&#8221;1&#8243; _builder_version=&#8221;4.27.2&#8243; _module_preset=&#8221;default&#8221; background_enable_color=&#8221;off&#8221; use_background_color_gradient=&#8221;on&#8221; background_color_gradient_type=&#8221;circular&#8221; background_color_gradient_stops=&#8221;rgba(0,0,0,0.6) 0%|#000000 91%&#8221; global_colors_info=&#8221;{}&#8221;][et_pb_row _builder_version=&#8221;4.27.3&#8243; _module_preset=&#8221;default&#8221; width=&#8221;100%&#8221; width_tablet=&#8221;90%&#8221; width_phone=&#8221;60%&#8221; width_last_edited=&#8221;on|desktop&#8221; global_colors_info=&#8221;{}&#8221;][et_pb_column type=&#8221;4_4&#8243; _builder_version=&#8221;4.27.2&#8243; _module_preset=&#8221;default&#8221; global_colors_info=&#8221;{}&#8221;][et_pb_text _builder_version=&#8221;4.27.4&#8243; _module_preset=&#8221;default&#8221; header_text_align=&#8221;center&#8221; hover_enabled=&#8221;0&#8243; content_fr_ca=&#8221;<\/p>\n<h1>Jeux Vid\u00e9os<\/h1>\n<p>&#8221; global_colors_info=&#8221;{}&#8221; sticky_enabled=&#8221;0&#8243;]<\/p>\n<h1>Video Games<\/h1>\n<p>[\/et_pb_text][et_pb_portfolio fullwidth=&#8221;off&#8221; posts_number=&#8221;99&#8243; include_categories=&#8221;21&#8243; show_categories=&#8221;off&#8221; hover_overlay_color=&#8221;rgba(255,255,255,0.22)&#8221; _builder_version=&#8221;4.27.3&#8243; _module_preset=&#8221;default&#8221; custom_css_free_form=&#8221;selector {||  &#8211;aspect-ratio-width: 1;||  &#8211;aspect-ratio-height: 1;||  &#8211;aspect-ratio: calc(var(&#8211;aspect-ratio-height) \/ var(&#8211;aspect-ratio-width));||  &#8211;padding-top: calc(var(&#8211;aspect-ratio) * 100%);||}||||selector .et_portfolio_image {||  padding-top: var(&#8211;padding-top);||  display: block;||  position: relative;||}||||selector .et_portfolio_image img {||  position: absolute;||  aspect-ratio: var(&#8211;aspect-ratio-width) \/ var(&#8211;aspect-ratio-height);||  top: 0;||  left: 0;||  right: 0;||  bottom: 0;||  object-fit: cover;||  width: 100%;||  height: 100%;||}&#8221; global_colors_info=&#8221;{}&#8221;][\/et_pb_portfolio][et_pb_code _builder_version=&#8221;4.27.2&#8243; _module_preset=&#8221;default&#8221; custom_css_free_form=&#8221;selector {||  &#8211;aspect-ratio-width: 16;||  &#8211;aspect-ratio-height: 9;||  &#8211;aspect-ratio: calc(var(&#8211;aspect-ratio-height) \/ var(&#8211;aspect-ratio-width));||  &#8211;padding-top: calc(var(&#8211;aspect-ratio) * 100%);||}||||selector .et_portfolio_image {||  padding-top: var(&#8211;padding-top);||  display: block;||  position: relative;||}||||selector .et_portfolio_image img {||  position: absolute;||  aspect-ratio: var(&#8211;aspect-ratio-width) \/ var(&#8211;aspect-ratio-height);||  top: 0;||  left: 0;||  right: 0;||  bottom: 0;||  object-fit: cover;||  width: 100%;||  height: 100%;||}&#8221; global_colors_info=&#8221;{}&#8221;][\/et_pb_code][\/et_pb_column][\/et_pb_row][et_pb_row _builder_version=&#8221;4.27.3&#8243; _module_preset=&#8221;default&#8221; width=&#8221;100%&#8221; width_tablet=&#8221;90%&#8221; width_phone=&#8221;60%&#8221; width_last_edited=&#8221;on|desktop&#8221; global_colors_info=&#8221;{}&#8221;][et_pb_column type=&#8221;4_4&#8243; _builder_version=&#8221;4.27.2&#8243; _module_preset=&#8221;default&#8221; global_colors_info=&#8221;{}&#8221;][et_pb_text _builder_version=&#8221;4.27.4&#8243; _module_preset=&#8221;default&#8221; header_text_align=&#8221;center&#8221; content_fr_ca=&#8221;<\/p>\n<h1>\u00c9mission T\u00e9l\u00e9<\/h1>\n<p>&#8221; global_colors_info=&#8221;{}&#8221;]<\/p>\n<h1>Tv Shows<\/h1>\n<p>[\/et_pb_text][et_pb_portfolio fullwidth=&#8221;off&#8221; include_categories=&#8221;8&#8243; show_categories=&#8221;off&#8221; hover_overlay_color=&#8221;rgba(255,255,255,0.22)&#8221; _builder_version=&#8221;4.27.4&#8243; _module_preset=&#8221;default&#8221; custom_css_free_form=&#8221;selector {||  &#8211;aspect-ratio-width: 1;||  &#8211;aspect-ratio-height: 1;||  &#8211;aspect-ratio: calc(var(&#8211;aspect-ratio-height) \/ var(&#8211;aspect-ratio-width));||  &#8211;padding-top: calc(var(&#8211;aspect-ratio) * 100%);||}||||selector .et_portfolio_image {||  padding-top: var(&#8211;padding-top);||  display: block;||  position: relative;||}||||selector .et_portfolio_image img {||  position: absolute;||  aspect-ratio: var(&#8211;aspect-ratio-width) \/ var(&#8211;aspect-ratio-height);||  top: 0;||  left: 0;||  right: 0;||  bottom: 0;||  object-fit: cover;||  width: 100%;||  height: 100%;||}&#8221; global_colors_info=&#8221;{}&#8221;][\/et_pb_portfolio][et_pb_code _builder_version=&#8221;4.27.2&#8243; _module_preset=&#8221;default&#8221; custom_css_free_form=&#8221;selector {||  &#8211;aspect-ratio-width: 16;||  &#8211;aspect-ratio-height: 9;||  &#8211;aspect-ratio: calc(var(&#8211;aspect-ratio-height) \/ var(&#8211;aspect-ratio-width));||  &#8211;padding-top: calc(var(&#8211;aspect-ratio) * 100%);||}||||selector .et_portfolio_image {||  padding-top: var(&#8211;padding-top);||  display: block;||  position: relative;||}||||selector .et_portfolio_image img {||  position: absolute;||  aspect-ratio: var(&#8211;aspect-ratio-width) \/ var(&#8211;aspect-ratio-height);||  top: 0;||  left: 0;||  right: 0;||  bottom: 0;||  object-fit: cover;||  width: 100%;||  height: 100%;||}&#8221; global_colors_info=&#8221;{}&#8221;][\/et_pb_code][\/et_pb_column][\/et_pb_row][et_pb_row _builder_version=&#8221;4.27.3&#8243; _module_preset=&#8221;default&#8221; width=&#8221;100%&#8221; width_tablet=&#8221;90%&#8221; width_phone=&#8221;60%&#8221; width_last_edited=&#8221;on|desktop&#8221; global_colors_info=&#8221;{}&#8221;][et_pb_column type=&#8221;4_4&#8243; _builder_version=&#8221;4.27.2&#8243; _module_preset=&#8221;default&#8221; global_colors_info=&#8221;{}&#8221;][et_pb_text _builder_version=&#8221;4.27.3&#8243; _module_preset=&#8221;default&#8221; header_text_align=&#8221;center&#8221; content_fr_ca=&#8221;<\/p>\n<h1>Albums de Musique<\/h1>\n<p>&#8221; global_colors_info=&#8221;{}&#8221;]<\/p>\n<h1>Music Albums<\/h1>\n<p>[\/et_pb_text][et_pb_portfolio fullwidth=&#8221;off&#8221; include_categories=&#8221;22&#8243; show_categories=&#8221;off&#8221; hover_overlay_color=&#8221;rgba(255,255,255,0.22)&#8221; _builder_version=&#8221;4.27.3&#8243; _module_preset=&#8221;default&#8221; custom_css_free_form=&#8221;selector {||  &#8211;aspect-ratio-width: 1;||  &#8211;aspect-ratio-height: 1;||  &#8211;aspect-ratio: calc(var(&#8211;aspect-ratio-height) \/ var(&#8211;aspect-ratio-width));||  &#8211;padding-top: calc(var(&#8211;aspect-ratio) * 100%);||}||||selector .et_portfolio_image {||  padding-top: var(&#8211;padding-top);||  display: block;||  position: relative;||}||||selector .et_portfolio_image img {||  position: absolute;||  aspect-ratio: var(&#8211;aspect-ratio-width) \/ var(&#8211;aspect-ratio-height);||  top: 0;||  left: 0;||  right: 0;||  bottom: 0;||  object-fit: cover;||  width: 100%;||  height: 100%;||}&#8221; global_colors_info=&#8221;{}&#8221;][\/et_pb_portfolio][et_pb_code _builder_version=&#8221;4.27.2&#8243; _module_preset=&#8221;default&#8221; custom_css_free_form=&#8221;selector {||  &#8211;aspect-ratio-width: 16;||  &#8211;aspect-ratio-height: 9;||  &#8211;aspect-ratio: calc(var(&#8211;aspect-ratio-height) \/ var(&#8211;aspect-ratio-width));||  &#8211;padding-top: calc(var(&#8211;aspect-ratio) * 100%);||}||||selector .et_portfolio_image {||  padding-top: var(&#8211;padding-top);||  display: block;||  position: relative;||}||||selector .et_portfolio_image img {||  position: absolute;||  aspect-ratio: var(&#8211;aspect-ratio-width) \/ var(&#8211;aspect-ratio-height);||  top: 0;||  left: 0;||  right: 0;||  bottom: 0;||  object-fit: cover;||  width: 100%;||  height: 100%;||}&#8221; global_colors_info=&#8221;{}&#8221;][\/et_pb_code][\/et_pb_column][\/et_pb_row][\/et_pb_section]<\/p>\n","protected":false},"excerpt":{"rendered":"<p>Video GamesTv ShowsMusic Albums<\/p>\n","protected":false},"author":1,"featured_media":0,"parent":0,"menu_order":0,"comment_status":"closed","ping_status":"closed","template":"","meta":{"_et_pb_use_builder":"on","_et_pb_old_content":"","_et_gb_content_width":"","footnotes":""},"class_list":["post-43","page","type-page","status-publish","hentry"],"_links":{"self":[{"href":"https:\/\/yohannboudreault.com\/en\/wp-json\/wp\/v2\/pages\/43","targetHints":{"allow":["GET"]}}],"collection":[{"href":"https:\/\/yohannboudreault.com\/en\/wp-json\/wp\/v2\/pages"}],"about":[{"href":"https:\/\/yohannboudreault.com\/en\/wp-json\/wp\/v2\/types\/page"}],"author":[{"embeddable":true,"href":"https:\/\/yohannboudreault.com\/en\/wp-json\/wp\/v2\/users\/1"}],"replies":[{"embeddable":true,"href":"https:\/\/yohannboudreault.com\/en\/wp-json\/wp\/v2\/comments?post=43"}],"version-history":[{"count":17,"href":"https:\/\/yohannboudreault.com\/en\/wp-json\/wp\/v2\/pages\/43\/revisions"}],"predecessor-version":[{"id":1280,"href":"https:\/\/yohannboudreault.com\/en\/wp-json\/wp\/v2\/pages\/43\/revisions\/1280"}],"wp:attachment":[{"href":"https:\/\/yohannboudreault.com\/en\/wp-json\/wp\/v2\/media?parent=43"}],"curies":[{"name":"wp","href":"https:\/\/api.w.org\/{rel}","templated":true}]}}